{"id":3,"date":"2021-10-19T07:52:13","date_gmt":"2021-10-19T05:52:13","guid":{"rendered":"http:\/\/wp.soulsuite.es\/hotelbaco\/?page_id=3"},"modified":"2021-12-15T14:20:45","modified_gmt":"2021-12-15T12:20:45","slug":"condiciones-legales","status":"publish","type":"page","link":"https:\/\/www.hotelbaco.es\/en\/condiciones-legales\/","title":{"rendered":"Condiciones Legales"},"content":{"rendered":"<div data-elementor-type=\"wp-page\" data-elementor-id=\"3\" class=\"elementor elementor-3\">\n\t\t\t\t\t\t<section class=\"elementor-section elementor-top-section elementor-element elementor-element-7745e900 elementor-section-boxed elementor-section-height-default elementor-section-height-default\" data-id=\"7745e900\" data-element_type=\"section\" data-settings=\"{&quot;hoteller_ext_is_background_parallax&quot;:&quot;false&quot;,&quot;hoteller_ext_is_background_on_scroll&quot;:&quot;false&quot;}\">\n\t\t\t\t\t\t<div class=\"elementor-container elementor-column-gap-default\">\n\t\t\t\t\t<div class=\"elementor-column elementor-col-100 elementor-top-column elementor-element elementor-element-1ef182ee\" data-id=\"1ef182ee\" data-element_type=\"column\" data-settings=\"{&quot;hoteller_ext_link_sidemenu&quot;:&quot;false&quot;,&quot;hoteller_ext_link_fullmenu&quot;:&quot;false&quot;,&quot;hoteller_ext_is_scrollme&quot;:&quot;false&quot;,&quot;hoteller_ext_is_smoove&quot;:&quot;false&quot;,&quot;hoteller_ext_is_parallax_mouse&quot;:&quot;false&quot;,&quot;hoteller_ext_is_infinite&quot;:&quot;false&quot;,&quot;hoteller_ext_is_fadeout_animation&quot;:&quot;false&quot;}\">\n\t\t\t<div class=\"elementor-widget-wrap elementor-element-populated\">\n\t\t\t\t\t\t<div class=\"elementor-element elementor-element-5c86ae52 elementor-widget elementor-widget-text-editor\" data-id=\"5c86ae52\" data-element_type=\"widget\" data-settings=\"{&quot;hoteller_ext_link_sidemenu&quot;:&quot;false&quot;,&quot;hoteller_ext_link_fullmenu&quot;:&quot;false&quot;,&quot;hoteller_ext_is_scrollme&quot;:&quot;false&quot;,&quot;hoteller_ext_is_smoove&quot;:&quot;false&quot;,&quot;hoteller_ext_is_parallax_mouse&quot;:&quot;false&quot;,&quot;hoteller_ext_is_infinite&quot;:&quot;false&quot;,&quot;hoteller_ext_is_fadeout_animation&quot;:&quot;false&quot;}\" data-widget_type=\"text-editor.default\">\n\t\t\t\t<div class=\"elementor-widget-container\">\n\t\t\t\t\t\t\t\t\t<p><\/p>\n<h2>1.1. Introducci\u00f3n<\/h2>\n<p>El presente documento tiene por finalidad regular los TERMINOS o CONDICIONES GENERALES DE CONTRATACI\u00d3N de los servicios de Pre-Reserva y Reserva on-line (en adelante, e indistintamente, los servicios de Pre-Reserva y Reserva on-line, o los servicios) de <strong>SOCIEDAD ESPECIALIZADA EN NEGOCIOS DECISORIOS Y AVENTAJADOS, S.L.<\/strong> <strong>(SENDA),<\/strong> con CIF B91390161<strong>\u00a0<\/strong>y domicilio social en\u00a0<strong>Calle Alameda de H\u00e9rcules 68, CP 41003 Sevilla<\/strong>,\u00a0<\/p>\n<p>Los T\u00e9rminos \u201cUsted\u201d y \u201cUsuario\u201d se emplean aqu\u00ed para referirse a todos los individuos y\/o entidades que por cualquier raz\u00f3n accedan a <a href=\"http:\/\/www.hotelbaco.\">www.hotelbaco.<\/a>es o utilicen los servicios.<\/p>\n<p>La utilizaci\u00f3n de estos servicios, supondr\u00e1 la aceptaci\u00f3n plena y sin reservas, y la validez, de todas y cada uno de los T\u00e9rminos y\/o Condiciones Generales -que se considerar\u00e1n autom\u00e1ticamente incorporadas en el contrato que se suscriba con SENDA, sin que sea necesaria su trascripci\u00f3n escrita en el mismo- recogidas en la \u00faltima versi\u00f3n actualizada de estos T\u00e9rminos y\/o Condiciones Generales.<\/p>\n<p>\u00a0<\/p>\n<p><\/p>\n<h2 class=\"wp-block-heading\">1.2. Uso de los servicios de pre-reserva y reserva on-line<\/h2>\n<div>\u00a0<\/div>\n<h2>2.1. Servicios de Pre-Reserva<\/h2>\n<p>Los servicios de Pre-Reserva on-line son meramente informativos, y tienen por finalidad \u00fanicamente ofrecer al usuario la posibilidad de consultar la disponibilidad de habitaci\u00f3n en un hotel o ciudad de su preferencia. EN 24H EL USUARIO QUE RECIBIR\u00c1 UN E-MAIL CONFIRMANDO SI SU RESERVA HA SIDO EFECTUADA POR LO QUE \u00daNICAMENTE SER\u00c1N VINCULANTES UNA VEZ ACEPTADOS POR SENDA MEDIANTE LA CONFIRMACI\u00d3N LA RESERVA POR MAIL Y POSTERIOR ABONO DE LA MISMA POR EL USUARIO. El usuario debe verificar la confirmaci\u00f3n de la reserva y notificar a SENDA, inmediatamente, por escrito, cualquier error.<\/p>\n<h2>2.2. Servicios de Reserva online<\/h2>\n<div>\u00a0<\/div>\n<ol>\n<li>Los servicios Reserva on-line tienen por finalidad la reserva de una habitaci\u00f3n en cualquiera de los hoteles SENDA. LA UTILIZACI\u00d3N DE ESTOS SERVICIOS, SUPONDR\u00c1 LA ACEPTACI\u00d3N PLENA Y SIN RESERVAS, Y LA VALIDEZ, DE TODAS Y CADA UNA DE LOS TERMINOS O CONDICIONES GENERALES -QUE SE CONSIDERAR\u00c1N AUTOM\u00c1TICAMENTE INCORPORADAS EN EL CONTRATO QUE SE SUSCRIBA CON SENDA, SIN QUE SEA NECESARIA SU TRASCRIPCI\u00d3N ESCRITA EN EL MISMO- RECOGIDAS EN LA \u00daLTIMA VERSI\u00d3N ACTUALIZADA DE ESTOS T\u00c9RMINOS Y\/O CONDICIONES GENERALES.<\/li>\n<li>Procedimiento de contrataci\u00f3n: Al utilizar el servicio el usuario recibir\u00e1 un mail de confirmaci\u00f3n en el que se incluir\u00e1 la confirmaci\u00f3n de que su orden de compra se encuentra en proceso de confirmaci\u00f3n. Si usted es consumidor, una vez realizado el cargo correspondiente a su reserva, recibir\u00e1 un mail confirm\u00e1ndole la misma, este mail le sirven como comprobante de su reserva. El titular de la tarjeta de cr\u00e9dito utilizada para reservar debe corresponder al hu\u00e9sped que se hospeda en el establecimiento. La tarjeta de cr\u00e9dito utilizada en la reserva se solicitar\u00e1 a la llegada para verificar que los datos proporcionados sean correctos. El titular de la tarjeta de cr\u00e9dito deber\u00e1 estar presente en ese momento.<\/li>\n<li>Garant\u00eda: La reserva queda confirmada y garantizada toda la noche con tarjeta de cr\u00e9dito. En caso de no presentarse en el hotel sin previo aviso, se cobrar\u00e1 la primera noche (IVA y tasas incluidas).<\/li>\n<li>Resoluci\u00f3n del contrato o cancelaci\u00f3n de la reserva: La tarjeta de cr\u00e9dito es s\u00f3lo un medio de garant\u00eda. La cancelaci\u00f3n de reservas por el usuario no le ocasionar\u00e1 gastos de cancelaci\u00f3n anticipada, siempre y cuando \u00e9sta se efect\u00fae antes con un m\u00ednimo de 48 horas de antelaci\u00f3n al d\u00eda de entrada al hotel. Pasado ese umbral, SENDA cobrar\u00e1 en concepto de indemnizaci\u00f3n los gastos de cancelaci\u00f3n, que ascender\u00e1n al importe de la primera noche (IVA y tasas incluidas). Esta cl\u00e1usula no es v\u00e1lida para reservas realizadas con tarifas especiales. En este caso, se aplicar\u00e1n las respectivas condiciones establecidas.<\/li>\n<li>Pol\u00edtica de menores.<br \/>Los menores de 18 a\u00f1os deber\u00e1n alojarse en el Hotel acompa\u00f1ados de sus padres, tutores o adultos debidamente autorizados por aqu\u00e9llos. El personal del Hotel podr\u00e1 requerir la documentaci\u00f3n pertinente que identifique a los adultos como sus padres\/tutores o personas autorizadas.<\/li>\n<li>Precios por habitaci\u00f3n y noche.<br \/>Los precios s\u00f3lo son v\u00e1lidos por escrito y durante el plazo que en ellos se indique. Cuando existan razones justificables, SENDA se reserva el derecho de modificar estas tarifas sin previo aviso.<\/li>\n<\/ol>\n<p>Los precios relativos a la reserva se le indicaran durante el proceso de reserva. A los precios se les aplica el IVA,<\/p>\n<ol>\n<li>Los precios que se muestran en el momento de la reserva incluyen IVA (o el impuesto equivalente) seg\u00fan la tarifa impositiva aplicable en el momento.<\/li>\n<\/ol>\n<p>En caso de que la tarifa impositiva cambiara entre la fecha de la reserva y la fecha de la entrega de los servicios, generando una disparidad, de acuerdo a las regulaciones impositivas, la tarifa impositiva que se aplicar\u00e1 al precio final ser\u00e1 la que corresponda en el momento de la entrega de los servicios o la acumulaci\u00f3n del impuesto, aun en los casos en que esto ocasionara un aumento en relaci\u00f3n con el precio final indicado al cliente durante la reserva.<\/p>\n<p>2.3 El usuario se compromete utilizar los servicios de manera acorde a la Ley, moral, buenas costumbres y orden p\u00fablico, as\u00ed como con lo dispuesto en los presentes T\u00e9rminos y\/o Condiciones Generales de contrataci\u00f3n. En consecuencia, queda obligado a no utilizar los servicios, con fines o efectos il\u00edcitos y\/o contrarios a lo establecido en los presentes T\u00e9rminos y\/o Condiciones Generales de contrataci\u00f3n, lesivos de derechos y\/o intereses de terceros o que, de cualquier forma, puedan da\u00f1ar los servicios, SENDA y\/o su imagen.<\/p>\n<p>2.4 SENDA podr\u00e1, para mayor agilidad y en beneficio de los usuarios, modificar unilateralmente, en cualquier SENDA y sin previo aviso, los servicios prestados, o las Condiciones de operatividad, t\u00e9cnicas y de uso de los servicios. Del mismo modo, los usuarios, con objeto de mejorar el servicio y establecer un \u00f3ptimo nivel de calidad, objetivo \u00faltimo de SENDA, podr\u00e1n sugerir aquellas modificaciones que ellos estimen \u00fatiles, poni\u00e9ndose en contacto con los responsables de la p\u00e1gina a trav\u00e9s de la direcci\u00f3n de correo electr\u00f3nico: <strong>direccion@hotelritualbacosevilla.com<\/strong><\/p>\n<p>\u00a0<\/p>\n<p><\/p>\t\t\t\t\t\t\t\t<\/div>\n\t\t\t\t<\/div>\n\t\t\t\t\t<\/div>\n\t\t<\/div>\n\t\t\t\t\t<\/div>\n\t\t<\/section>\n\t\t\t\t<\/div>","protected":false},"excerpt":{"rendered":"<p>1.1. Introducci\u00f3n El presente documento tiene por finalidad regular los TERMINOS o CONDICIONES GENERALES DE CONTRATACI\u00d3N de los servicios de Pre-Reserva y Reserva on-line (en adelante, e indistintamente, los servicios de Pre-Reserva y Reserva on-line, o los servicios) de SOCIEDAD [&hellip;]<\/p>","protected":false},"author":1,"featured_media":0,"parent":0,"menu_order":0,"comment_status":"closed","ping_status":"closed","template":"","meta":{"footnotes":""},"class_list":["post-3","page","type-page","status-publish","hentry"],"aioseo_notices":[],"_links":{"self":[{"href":"https:\/\/www.hotelbaco.es\/en\/wp-json\/wp\/v2\/pages\/3","targetHints":{"allow":["GET"]}}],"collection":[{"href":"https:\/\/www.hotelbaco.es\/en\/wp-json\/wp\/v2\/pages"}],"about":[{"href":"https:\/\/www.hotelbaco.es\/en\/wp-json\/wp\/v2\/types\/page"}],"author":[{"embeddable":true,"href":"https:\/\/www.hotelbaco.es\/en\/wp-json\/wp\/v2\/users\/1"}],"replies":[{"embeddable":true,"href":"https:\/\/www.hotelbaco.es\/en\/wp-json\/wp\/v2\/comments?post=3"}],"version-history":[{"count":22,"href":"https:\/\/www.hotelbaco.es\/en\/wp-json\/wp\/v2\/pages\/3\/revisions"}],"predecessor-version":[{"id":2083,"href":"https:\/\/www.hotelbaco.es\/en\/wp-json\/wp\/v2\/pages\/3\/revisions\/2083"}],"wp:attachment":[{"href":"https:\/\/www.hotelbaco.es\/en\/wp-json\/wp\/v2\/media?parent=3"}],"curies":[{"name":"wp","href":"https:\/\/api.w.org\/{rel}","templated":true}]}}