{"id":1579,"date":"2021-11-02T17:06:18","date_gmt":"2021-11-02T15:06:18","guid":{"rendered":"https:\/\/www.hotelbaco.es\/?page_id=1579"},"modified":"2021-12-15T14:17:53","modified_gmt":"2021-12-15T12:17:53","slug":"politica-de-privacidad","status":"publish","type":"page","link":"https:\/\/www.hotelbaco.es\/en\/politica-de-privacidad\/","title":{"rendered":"Legal Notice and Privacy Policy"},"content":{"rendered":"<div data-elementor-type=\"wp-page\" data-elementor-id=\"1579\" class=\"elementor elementor-1579\">\n\t\t\t\t\t\t<section class=\"elementor-section elementor-top-section elementor-element elementor-element-7745e900 elementor-section-boxed elementor-section-height-default elementor-section-height-default\" data-id=\"7745e900\" data-element_type=\"section\" data-settings=\"{&quot;hoteller_ext_is_background_parallax&quot;:&quot;false&quot;,&quot;hoteller_ext_is_background_on_scroll&quot;:&quot;false&quot;}\">\n\t\t\t\t\t\t<div class=\"elementor-container elementor-column-gap-default\">\n\t\t\t\t\t<div class=\"elementor-column elementor-col-100 elementor-top-column elementor-element elementor-element-1ef182ee\" data-id=\"1ef182ee\" data-element_type=\"column\" data-settings=\"{&quot;hoteller_ext_link_sidemenu&quot;:&quot;false&quot;,&quot;hoteller_ext_link_fullmenu&quot;:&quot;false&quot;,&quot;hoteller_ext_is_scrollme&quot;:&quot;false&quot;,&quot;hoteller_ext_is_smoove&quot;:&quot;false&quot;,&quot;hoteller_ext_is_parallax_mouse&quot;:&quot;false&quot;,&quot;hoteller_ext_is_infinite&quot;:&quot;false&quot;,&quot;hoteller_ext_is_fadeout_animation&quot;:&quot;false&quot;}\">\n\t\t\t<div class=\"elementor-widget-wrap elementor-element-populated\">\n\t\t\t\t\t\t<div class=\"elementor-element elementor-element-5c86ae52 elementor-widget elementor-widget-text-editor\" data-id=\"5c86ae52\" data-element_type=\"widget\" data-settings=\"{&quot;hoteller_ext_link_sidemenu&quot;:&quot;false&quot;,&quot;hoteller_ext_link_fullmenu&quot;:&quot;false&quot;,&quot;hoteller_ext_is_scrollme&quot;:&quot;false&quot;,&quot;hoteller_ext_is_smoove&quot;:&quot;false&quot;,&quot;hoteller_ext_is_parallax_mouse&quot;:&quot;false&quot;,&quot;hoteller_ext_is_infinite&quot;:&quot;false&quot;,&quot;hoteller_ext_is_fadeout_animation&quot;:&quot;false&quot;}\" data-widget_type=\"text-editor.default\">\n\t\t\t\t<div class=\"elementor-widget-container\">\n\t\t\t\t\t\t\t\t\t<p><\/p>\n<p>Esta p\u00e1gina web es propiedad de\u00a0<strong>SOCIEDAD ESPECIALIZADA EN NEGOCIOS DECISORIOS Y AVENTAJADOS, S.L.\u00a0(SENDA),\u00a0<\/strong>con <strong>CIF B91390161<\/strong>\u00a0y domicilio social en\u00a0Calle Alameda de Hercules\u00a068, CP 41003 Sevilla.<\/p>\n<h2>1.1. Titularidad<\/h2>\n<p>El acceso y el uso de la p\u00e1gina web de\u00a0<strong>la empresa<\/strong>\u00a0quedar\u00e1n sujetos a las presentes condiciones generales. La utilizaci\u00f3n de todas las p\u00e1ginas web de titularidad de\u00a0<strong>la empresa<\/strong>\u00a0supone la aceptaci\u00f3n plena por el usuario de todas las Condiciones Generales de Uso vigentes en cada momento en que el usuario acceda a las mismas.<\/p>\n<p><strong style=\"font-family: inherit; font-style: inherit; letter-spacing: 0px;\">La empresa<\/strong><span style=\"font-size: 17px; letter-spacing: 0px;\">\u00a0se reserva el derecho a modificar en cualquier momento las presentes Condiciones Generales de Uso.<\/span><\/p>\n<p><span style=\"font-size: 17px; letter-spacing: 0px;\">\u00a0<\/span><\/p>\n<h2>1.2. Uso de la p\u00e1gina web, servicios y contenidos<\/h2>\n<p>El usuario se obliga a hacer un uso correcto de esta p\u00e1gina, sus servicios y contenidos, sin contravenir los derechos fundamentales, la legislaci\u00f3n vigente, la buena fe, los usos generalmente aceptados, el orden p\u00fablico, y las condiciones particulares de ciertos servicios.<\/p>\n<p>Se proh\u00edbe cualquier uso con fines il\u00edcitos o que vulneren los derechos de\u00a0<strong>la empresa<\/strong>\u00a0y sus titulares o un tercero, o que de cualquier forma, perjudique el normal funcionamiento de la p\u00e1gina o de cualesquiera equipos inform\u00e1ticos o documentos de cualquier clase contenidos en la misma.<\/p>\n<p>Respecto de los contenidos (informaciones, textos, gr\u00e1ficos, archivos de sonido y\/o imagen, fotograf\u00edas, dise\u00f1os, etc.) se proh\u00edbe especialmente:<\/p>\n<ul>\n<li>Su reproducci\u00f3n, distribuci\u00f3n o modificaci\u00f3n o de cualquier otra forma su comunicaci\u00f3n p\u00fablica, salvo que se obtenga la autorizaci\u00f3n de sus leg\u00edtimos titulares o que resulte legalmente permitido.<\/li>\n<li>Eliminar o modificar el copyright y dem\u00e1s datos identificativos de la reserva de derechos de\u00a0<strong>la empresa <\/strong>o de sus titulares, de las huellas digitales o de cualquier otro medio t\u00e9cnico para su reconocimiento.<\/li>\n<li>Intentar obtener los contenidos de la p\u00e1gina web por un medio distinto a los disponibles para los usuarios o a los habituales en la red, siempre que estos \u00faltimos no causen perjuicio alguno a la p\u00e1gina web de\u00a0<strong>la empresa<\/strong>.<\/li>\n<li>Remitir mensajes o enviar cadenas de mensajes electr\u00f3nicos no solicitados o consentidos por sus destinatarios. Los usuarios o terceros perjudicados por la recepci\u00f3n de mensajes no solicitados podr\u00e1n comunic\u00e1rselo a\u00a0<strong>la<\/strong> <strong>empresa <\/strong>remitiendo un mensaje a la siguiente direcci\u00f3n de correo electr\u00f3nico: <strong>direccion@hotelritualbacosevilla.com<\/strong>.\u00a0<\/li>\n<li>Igualmente, se proh\u00edbe utilizar las listas de distribuci\u00f3n, as\u00ed como poner a disposici\u00f3n de terceros datos recabados a partir de las mismas, para realizar las actividades se\u00f1aladas anteriormente.<\/li>\n<\/ul>\n<div>\n<p>Respecto del site, el usuario se compromete, en particular a no transmitir o difundir a terceros informaciones, datos, contenidos, mensajes, gr\u00e1ficos, dibujos, archivos de sonido y\/o imagen, fotograf\u00edas, grabaciones, software y en general cualquier material que:<\/p>\n<ul>\n<li>Induzca o promueva actuaciones delictivas, denigratorias, difamatorias, violentas o en general, contrarias a la ley, a la moral y buenas costumbres generalmente aceptadas, o al orden p\u00fablico; o permita acceder a productos, elementos, mensajes y\/o servicios delictivos, violentos, ofensivos, nocivos, degradantes o, en general, contrarios a la ley, a la moral y a las buenas costumbres generalmente aceptadas, o al orden p\u00fablico.<\/li>\n<li>Sea falso, ambiguo, inexacto, exagerado o extempor\u00e1neo, pudiendo llevar a enga\u00f1o sobre su objeto o sobre las intenciones del comunicante.<\/li>\n<li>Siendo propiedad intelectual o industrial de terceros, se pretenda utilizar sin su previa autorizaci\u00f3n.<\/li>\n<li>Viole los secretos empresariales de terceros o infrinja la normativa sobre el secreto de las comunicaciones.<\/li>\n<li>De cualquier manera menoscabe la reputaci\u00f3n de la empresa o de terceros, o constituya, en su caso, publicidad il\u00edcita, enga\u00f1osa o desleal, y en general competencia desleal.<\/li>\n<li>Incorpore virus u otros elementos f\u00edsicos o electr\u00f3nicos que puedan da\u00f1ar o impedir el normal funcionamiento de la red, del sistema o de equipos inform\u00e1ticos de\u00a0<strong>la empresa<\/strong>\u00a0o de terceros, o que puedan da\u00f1ar los documentos electr\u00f3nicos y archivos almacenados en dichos equipos.<\/li>\n<li>Contenga etiquetas HTML distintas de aqu\u00e9llas expresamente autorizadas por\u00a0<strong>la empresa<\/strong>.<\/li>\n<\/ul>\n<\/div>\n<div><b>\u00a0<\/b><\/div>\n<h2>1.3. Propiedad intelectual e industrial<\/h2>\n<div>\n<p>Todos los contenidos de las p\u00e1ginas web de\u00a0<strong>la empresa<\/strong>\u00a0est\u00e1n sometidos a la normativa sobre Propiedad Intelectual y\/o Industrial. Los derechos sobre los contenidos corresponden a\u00a0<strong>la empresa<\/strong>\u00a0o a terceros en su caso. El usuario s\u00f3lo podr\u00e1 visualizar y obtener una copia privada de los contenidos siempre y cuando dicha copia sea exclusivamente para su uso personal y privado, quedando terminantemente prohibida su utilizaci\u00f3n para fines comerciales.<\/p>\n<h2>1.4. Renuncias y limitaciones de responsabilidad<\/h2>\n<p><strong>La empresa<\/strong>\u00a0no ser\u00e1 responsable de la informaci\u00f3n, los servicios y\/o productos ofertados y\/o prestados por terceros a trav\u00e9s de la p\u00e1gina web de\u00a0<strong>la empresa<\/strong>\u00a0ni de los contenidos proporcionados por terceros.\u00a0<strong>La empresa<\/strong>\u00a0no se responsabiliza de cualquier da\u00f1o o perjuicio en el software o hardware del usuario que se derive del acceso a la p\u00e1gina web de\u00a0<strong>la empresa<\/strong>\u00a0o del uso de informaci\u00f3n o aplicaciones en ella contenidas.\u00a0<strong>La empresa<\/strong>\u00a0no garantiza la idoneidad, fiabilidad, disponibilidad, oportunidad o exactitud de informaci\u00f3n o servicios contenidos en su p\u00e1gina web, ni ser\u00e1 responsable de los da\u00f1os directos o indirectos en relaci\u00f3n con el uso de los contenidos de su pagina web\u00a0<strong>La empresa<\/strong>\u00a0no garantiza que los contenidos de su p\u00e1gina sean aptos o disponibles fuera de Espa\u00f1a. En el supuesto de que todo o parte de los contenidos de la p\u00e1gina web de\u00a0<strong>la<\/strong> <strong>empresa<\/strong> sean considerados ilegales en pa\u00edses\u00a0<span style=\"font-size: 17px; letter-spacing: 0px;\">distintos de Espa\u00f1a, queda prohibido el acceso a los mismos y su utilizaci\u00f3n por los usuarios, y en el caso de que \u00e9ste se produzca, ser\u00e1 exclusivamente bajo la responsabilidad de los usuarios, estando estos obligados al cumplimiento de las leyes nacionales de aplicaci\u00f3n. El uso que pueda hacerse de la informaci\u00f3n y contenidos que aparecen en la p\u00e1gina web de\u00a0<\/span><strong style=\"font-family: inherit; font-style: inherit; letter-spacing: 0px;\">la empresa<\/strong><span style=\"font-size: 17px; letter-spacing: 0px;\">\u00a0y\/o del acceso a otras p\u00e1ginas web de terceros a trav\u00e9s de conexiones o \u201clinks\u201d que aparecen en la p\u00e1gina de\u00a0<\/span><strong style=\"font-family: inherit; font-style: inherit; letter-spacing: 0px;\">la empresa<\/strong><span style=\"font-size: 17px; letter-spacing: 0px;\">\u00a0se realizar\u00e1 bajo la exclusiva responsabilidad de aquellos que efect\u00faen este tipo de actos, no siendo\u00a0<\/span><strong style=\"font-family: inherit; font-style: inherit; letter-spacing: 0px;\">la empresa<\/strong><span style=\"font-size: 17px; letter-spacing: 0px;\">\u00a0responsable en ning\u00fan caso de los da\u00f1os o perjuicios que puedan derivarse de dichos usos o actividades.<\/span><\/p>\n<h2>1.5. Pol\u00edtica de privacidad<\/h2>\n<p>Cuando una persona se registra en la web de\u00a0<strong>la empresa<\/strong>\u00a0sus datos personales van a formar parte del fichero automatizado de datos de car\u00e1cter personal creado por\u00a0<strong>la empresa<\/strong>\u00a0bajo su propia responsabilidad, con la finalidad de realizar el mantenimiento y gesti\u00f3n de la relaci\u00f3n con el usuario, as\u00ed como labores de informaci\u00f3n, investigaci\u00f3n, estad\u00edsticas, formaci\u00f3n y comercializaci\u00f3n, y la realizaci\u00f3n de actividades promocionales y publicitarias tanto de los productos, servicios o actividades relacionadas con la compa\u00f1\u00eda.\u00a0<strong>La empresa<\/strong>\u00a0se compromete a ceder esos datos personales \u00fanicamente a las entidades de su grupo de empresas con las finalidades anteriormente indicadas. El Usuario presta su consentimiento para que\u00a0<strong>la empresa<\/strong>\u00a0pueda hacer uso de sus datos de navegaci\u00f3n por Internet a fin de remitirle, desde el navegador y\/o el m\u00f3dulo de software adicional, a su direcci\u00f3n de mensajer\u00eda interna, informaci\u00f3n y publicidad de\u00a0<strong>la empresa<\/strong>.<\/p>\n<p><strong>La empresa<\/strong>\u00a0informa al usuario sobre la posibilidad que le asiste de ejercitar los derechos de acceso, rectificaci\u00f3n, oposici\u00f3n y cancelaci\u00f3n de los datos personales recogidos por\u00a0<strong>la empresa<\/strong>\u00a0de conformidad con la Ley Org\u00e1nica 3\/2018, de 5 de diciembre, de Protecci\u00f3n de Datos Personales y garant\u00eda de los derechos digitales. Estos derechos de acceso, rectificaci\u00f3n, oposici\u00f3n y cancelaci\u00f3n podr\u00e1n ser ejercitados por el usuario, y en su caso quien lo represente, mediante solicitud escrita y firmada dirigida a la siguiente direcci\u00f3n<strong>: Calle Alameda de H\u00e9rcules 68, CP 41003 Sevilla. <\/strong>Dicha solicitud deber\u00e1 contener los siguientes datos: nombre y apellidos del usuario, domicilio a efectos de notificaciones, fotocopia del Documento Nacional de Identidad o Pasaporte, y petici\u00f3n en que se concreta la solicitud. En el caso de representaci\u00f3n, deber\u00e1 probarse la misma mediante documento fehaciente.<\/p>\n<p>Si posteriormente, un usuario desea revocar su consentimiento otorgado para recibir informaci\u00f3n comercial v\u00eda correo electr\u00f3nico o por cualquier otro medio similar o equivalente, podr\u00e1 comunicarlo, enviando un correo electr\u00f3nico a <strong>direccion@hotelritualbacosevilla.com.<\/strong> \u00a0<strong>La empresa<\/strong>\u00a0se compromete al cumplimiento de su obligaci\u00f3n de secreto de los datos de car\u00e1cter personal y a su deber de guardarlos, y adoptar\u00e1 las medidas necesarias para evitar su alteraci\u00f3n, p\u00e9rdida, tratamiento o acceso no autorizado, de acuerdo con lo establecido por la normativa vigente en cada momento.\u00a0<strong>La empresa<\/strong>\u00a0informa de que no realiza comprobaciones sobre la veracidad de los datos, por lo que se atendr\u00e1, en cada caso, a los datos introducidos por el usuario, sean veraces o no.<\/p>\n<h2>1.6. Cookies<\/h2>\n<p>Asimismo,\u00a0<strong>la empresa<\/strong> informa a los usuarios de la posible colocaci\u00f3n de \u201ccookies\u201d a lo largo de la navegaci\u00f3n en el ordenador de los usuarios, de forma que al navegar por las p\u00e1ginas web, se podr\u00eda llegar a reconocer autom\u00e1ticamente, entre otros, la direcci\u00f3n IP del ordenador de los usuarios y otros posibles datos de navegaci\u00f3n. El uso de cookies s\u00f3lo lo ser\u00e1 a efectos de\u00a0<span style=\"font-size: 17px; letter-spacing: 0px;\">mantenimiento de la sesi\u00f3n de navegaci\u00f3n. En ning\u00fan caso almacenan datos de car\u00e1cter personal. Si los usuarios no quisieran admitir la cookie, deber\u00e1n eliminar esta posibilidad en las opciones de usuario de su propio navegador. No obstante lo anterior,\u00a0<\/span><strong style=\"font-family: inherit; font-style: inherit; letter-spacing: 0px;\">la empresa<\/strong><span style=\"font-size: 17px; letter-spacing: 0px;\">\u00a0no se hace responsable de las irregularidades que la no admisi\u00f3n de la cookie pueda generar durante su navegaci\u00f3n por sus p\u00e1ginas web.<\/span><\/p>\n<h2>1.7. Registro de visitas<\/h2>\n<p>En cada acceso al servidor de\u00a0<strong>la empresa<\/strong>\u00a0se recoger\u00e1 la direcci\u00f3n IP desde la que navega el usuario y se registrar\u00e1 la misma, as\u00ed como las p\u00e1ginas que visite de\u00a0<strong>la empresa<\/strong>. Estos datos ser\u00e1n almacenados en un archivo LOG con fines estad\u00edsticos y para determinar el n\u00famero de p\u00e1ginas vistas en\u00a0<strong>la empresa<\/strong>.<\/p>\n<h2>1.8. Hiperenlaces<\/h2>\n<p>El portal de\u00a0<strong>https:\/\/www.hotelbaco.es\/<\/strong>\u00a0permite acceder a otras p\u00e1ginas web gestionadas y controladas por terceros a trav\u00e9s de diferentes enlaces para facilitar a los usuarios la b\u00fasqueda de informaci\u00f3n, contenidos y servicios de Internet, sin que en ning\u00fan caso pueda considerarse una recomendaci\u00f3n o invitaci\u00f3n para la visita de los mismos.<\/p>\n<ul>\n<li>Cualquier hiperenlace al portal de\u00a0<strong>https:\/\/www.hotelbaco.es\/<\/strong>se efectuar\u00e1 a su p\u00e1gina principal o p\u00e1ginas principales de las secciones que contiene.<\/li>\n<li>No se permite la reproducci\u00f3n, en ning\u00fan caso, de los servicios o contenidos del portal de\u00a0<strong>la empresa<\/strong>.<\/li>\n<li>La p\u00e1gina web en la que se establezca el hiperenlace no contendr\u00e1 informaciones o contenidos il\u00edcitos, contrarios a la moral, a las buenas costumbres o al orden p\u00fablico, ni proporcionar\u00e1 contenidos contrarios a cualquier derecho de terceros.<\/li>\n<li>No se incluir\u00e1 ninguna manifestaci\u00f3n falsa, inexacta o incorrecta sobre las p\u00e1ginas del portal, ni sobre los servicios o contenidos del mismo.<\/li>\n<li>No se establecer\u00e1n deep-links, ni enlaces IMG o de imagen, ni frames con las p\u00e1ginas del portal de paraty.es sin la previa autorizaci\u00f3n expresa de\u00a0<strong>la empresa<\/strong>.<\/li>\n<li>Salvo aquellos signos que formen parte del hiperenlace, la p\u00e1gina web en la que se establezca no contendr\u00e1 ninguna marca, nombre comercial, r\u00f3tulo de establecimiento, denominaci\u00f3n, logotipo, eslogan u otros signos distintivos pertenecientes a\u00a0<strong>la empresa<\/strong>.<\/li>\n<li>El establecimiento del hiperenlace no implicar\u00e1 la existencia de relaciones entre\u00a0<strong>la empresa <\/strong>y el titular de la p\u00e1gina web o del portal desde el cual se realice, ni que\u00a0<strong>la empresa<\/strong>\u00a0haya autorizado el hiperenlace o supervisado, conocido, aceptado o asumido los servicios y contenidos ofrecidos en dicho portal.<\/li>\n<\/ul>\n<p><strong>La empresa<\/strong> no comercializa, ni controla previamente, ni hace propios los contenidos, servicios e informaciones disponibles en dichas p\u00e1ginas web, no siendo responsable de los mismos ni de las informaciones y manifestaciones que se incluyan en ellas.<\/p>\n<p><strong>La empresa<\/strong>\u00a0no es responsable tampoco por los da\u00f1os y perjuicios de toda clase que pudieran derivarse del acceso, mantenimiento, uso, calidad, licitud, fiabilidad y utilidad de los contenidos, informaciones, comunicaciones, manifestaciones, productos y servicios existentes u ofrecidos en las p\u00e1ginas web no gestionadas por si mismo.<\/p>\n<h2>1.9. General<\/h2>\n<p><strong>La empresa<\/strong>\u00a0se reserva, sin necesidad de previo aviso y en cualquier momento, el derecho a suspender temporalmente el acceso a su p\u00e1gina web y a efectuar las modificaciones que considere oportunas de la p\u00e1gina, de los servicios o informaciones ofrecidas, de la presentaci\u00f3n o localizaci\u00f3n de las misma y de las condiciones de acceso y uso de la p\u00e1gina web de\u00a0<strong>la empresa<\/strong>.Toda la informaci\u00f3n que se reciba en esta p\u00e1gina web se considerar\u00e1 cedida a\u00a0<strong>la empresa<\/strong>\u00a0a t\u00edtulo gratuito. El correo electr\u00f3nico no ser\u00e1 considerado como medio v\u00e1lido a los efectos de presentaci\u00f3n de reclamaciones. Para ello deber\u00e1n dirigirse al Departamento de Asesor\u00eda Jur\u00eddica de\u00a0<strong>la empresa<\/strong>, situada en\u00a0<strong>Calle Alameda de Hercules\u00a068, CP 41003 Sevilla,<\/strong>\u00a0que indicar\u00e1 en cada caso los cauces a seguir.<\/p>\n<p>Todas las cuestiones relativas a la p\u00e1gina web de\u00a0<strong>la empresa<\/strong>\u00a0se rigen por la legislaci\u00f3n espa\u00f1ola y se someten a la jurisdicci\u00f3n de los Juzgados y Tribunales de Sevilla, con renuncia a cualquier fuero que pudiera corresponder.<\/p>\n<\/div>\n<p><\/p>\t\t\t\t\t\t\t\t<\/div>\n\t\t\t\t<\/div>\n\t\t\t\t\t<\/div>\n\t\t<\/div>\n\t\t\t\t\t<\/div>\n\t\t<\/section>\n\t\t\t\t<\/div>","protected":false},"excerpt":{"rendered":"<p>Esta p\u00e1gina web es propiedad de\u00a0SOCIEDAD ESPECIALIZADA EN NEGOCIOS DECISORIOS Y AVENTAJADOS, S.L.\u00a0(SENDA),\u00a0con CIF B91390161\u00a0y domicilio social en\u00a0Calle Alameda de Hercules\u00a068, CP 41003 Sevilla. 1.1. Titularidad El acceso y el uso de la p\u00e1gina web de\u00a0la empresa\u00a0quedar\u00e1n sujetos a las [&hellip;]<\/p>","protected":false},"author":1,"featured_media":0,"parent":0,"menu_order":0,"comment_status":"closed","ping_status":"closed","template":"","meta":{"footnotes":""},"class_list":["post-1579","page","type-page","status-publish","hentry"],"aioseo_notices":[],"_links":{"self":[{"href":"https:\/\/www.hotelbaco.es\/en\/wp-json\/wp\/v2\/pages\/1579","targetHints":{"allow":["GET"]}}],"collection":[{"href":"https:\/\/www.hotelbaco.es\/en\/wp-json\/wp\/v2\/pages"}],"about":[{"href":"https:\/\/www.hotelbaco.es\/en\/wp-json\/wp\/v2\/types\/page"}],"author":[{"embeddable":true,"href":"https:\/\/www.hotelbaco.es\/en\/wp-json\/wp\/v2\/users\/1"}],"replies":[{"embeddable":true,"href":"https:\/\/www.hotelbaco.es\/en\/wp-json\/wp\/v2\/comments?post=1579"}],"version-history":[{"count":26,"href":"https:\/\/www.hotelbaco.es\/en\/wp-json\/wp\/v2\/pages\/1579\/revisions"}],"predecessor-version":[{"id":2077,"href":"https:\/\/www.hotelbaco.es\/en\/wp-json\/wp\/v2\/pages\/1579\/revisions\/2077"}],"wp:attachment":[{"href":"https:\/\/www.hotelbaco.es\/en\/wp-json\/wp\/v2\/media?parent=1579"}],"curies":[{"name":"wp","href":"https:\/\/api.w.org\/{rel}","templated":true}]}}